{"id":2981,"date":"2023-11-16T14:58:56","date_gmt":"2023-11-16T12:58:56","guid":{"rendered":"https:\/\/svetkupils.lv\/feedback\/"},"modified":"2024-02-28T15:48:16","modified_gmt":"2024-02-28T13:48:16","slug":"feedback","status":"publish","type":"page","link":"https:\/\/svetkupils.lv\/en\/feedback\/","title":{"rendered":"Feedback"},"content":{"rendered":"\t\t<div data-elementor-type=\"wp-page\" data-elementor-id=\"2981\" class=\"elementor elementor-2981 elementor-290\" data-elementor-post-type=\"page\">\n\t\t\t\t<div class=\"elementor-element elementor-element-faaa793 e-con-full e-flex e-con e-parent\" data-id=\"faaa793\" data-element_type=\"container\">\n\t\t\t\t<div class=\"elementor-element elementor-element-ff5a514 elementor-widget elementor-widget-shortcode\" data-id=\"ff5a514\" data-element_type=\"widget\" data-widget_type=\"shortcode.default\">\n\t\t\t\t<div class=\"elementor-widget-container\">\n\t\t\t\t\t\t\t<div class=\"elementor-shortcode\">\n<style>\n    .hero_wrap .overlay:before {\n        background-color: rgba(0, 0, 0, 0.0) !important;\n    }\n<\/style>\n\n<div class=\"hero_wrap mazs\">\n    <div class=\"overlay\">\n        <img decoding=\"async\" alt=\"Customer stories\" src=\"\/wp-content\/uploads\/2023\/11\/fons.png\">\n                <\/div>\n    <div class=\"hero component parasts\">\n        <div>\n                        <h1>Customer stories<\/h1>\n             <div class=\"desc\"><p>Take a look at what customers who have celebrated the most beautiful moments of their lives at Sv\u0113tku pils say about us!<\/p>\n<\/div>                                 <\/div>\n    <\/div>\n<\/div>\r\n<div class=\"atsauksme_wrap\">\r\n    <div class=\"atsauksme component \">\r\n        <div class=\"image\">\r\n            <img decoding=\"async\" src=\"https:\/\/svetkupils.lv\/wp-content\/uploads\/2023\/11\/unnamed-1.png\" alt=\"k\u0101zas\">\r\n        <\/div>\r\n        <div class=\"content\">\r\n            <h2 class=\"title\">\u201cFantastic team!\u201d<\/h2>\r\n            <div class=\"desc\">\r\n                <p><p>\u201cIt was absolutely fantastic to celebrate our special day at Sv\u0113tku pils with your fantastic team. Your team was so friendly, helpful, smiling, cheerful \u2013 I could go on and on about their good qualities.<\/p>\n<p>You, L\u012bva, are so understanding, and everything was so carefully done and planned, it gives me such great pleasure and happiness that you helped us to plan everything at Sv\u0113tku pils. Every time we called or met, it was so friendly and easy to communicate with you. Thank you!<\/p>\n<p>All the guests were delighted with how beautiful your place is, the rooms and the responsive, smiling staff.\u201d<\/p>\n<\/p>\r\n            <\/div>\r\n                            <div class=\"author\">\r\n                    <img decoding=\"async\" src=\"https:\/\/svetkupils.lv\/wp-content\/uploads\/2023\/11\/image-69.png\">\r\n                    <div class=\"info\">\r\n                        <p class=\"name\">Laura and M\u0101rti\u0146\u0161<\/p>\r\n                        <p class=\"tituls\">The newlyweds<\/p>\r\n                    <\/div>\r\n                <\/div>\r\n                        <\/div>\r\n    <\/div>\r\n<\/div>\r\n<div class=\"atsauksme_wrap\">\r\n    <div class=\"atsauksme component swap-col\">\r\n        <div class=\"image\">\r\n            <img decoding=\"async\" src=\"https:\/\/svetkupils.lv\/wp-content\/uploads\/2023\/11\/unnamed-2-1.png\" alt=\"k\u0101zas\">\r\n        <\/div>\r\n        <div class=\"content\">\r\n            <h2 class=\"title\">\u201cEverything was perfect!\u201d<\/h2>\r\n            <div class=\"desc\">\r\n                <p><p>\u201cI would like to say a huge thank you for our wedding weekend. Everything was perfect. All the waiters and bartenders were superb; so nice and helpful. All my guests praised both how beautiful Sv\u0113tku pils is and how great everyone who works there was. I felt like we were well taken care of and everything was solved before I even had to worry about anything. Many thanks to the chef as well, the food was delicious.<\/p>\n<p>Thank you, thank you for helping make our wedding day so perfect! We definitely want to celebrate our 5-year wedding anniversary at Sv\u0113tku pils! We can\u2019t stop smiling at how beautiful everything was.<\/p>\n<p>A big thanks again! You all played such a big part in our wedding day and we will never forget it \u2665\ufe0f\u201d<\/p>\n<\/p>\r\n            <\/div>\r\n                    <\/div>\r\n    <\/div>\r\n<\/div>\r\n<div class=\"atsauksme_wrap\">\r\n    <div class=\"atsauksme component \">\r\n        <div class=\"image\">\r\n            <img decoding=\"async\" src=\"https:\/\/svetkupils.lv\/wp-content\/uploads\/2023\/11\/unnamed-5-1.png\" alt=\"k\u0101zas\">\r\n        <\/div>\r\n        <div class=\"content\">\r\n            <h2 class=\"title\">\u201cEverything was taken care of\u201d<\/h2>\r\n            <div class=\"desc\">\r\n                <p><p>\u201cA charming place; everything has been thought of to the last detail!<br \/>\nWe chose Sv\u0113tku pils as the place to celebrate our wedding.<\/p>\n<p>The employees are real professionals in their fields \u2013 they will help you to fulfil all your wishes, and are always smiling and responsive.<\/p>\n<p>The place itself, the decorations, the food, and the staff \u2013 everything is at the highest level. We definitely recommend it!\u201d<\/p>\n<\/p>\r\n            <\/div>\r\n                    <\/div>\r\n    <\/div>\r\n<\/div>\r\n<div class=\"atsauksme_wrap\">\r\n    <div class=\"atsauksme component swap-col\">\r\n        <div class=\"image\">\r\n            <img decoding=\"async\" src=\"https:\/\/svetkupils.lv\/wp-content\/uploads\/2023\/11\/unnamed-6-1.png\" alt=\"k\u0101zas\">\r\n        <\/div>\r\n        <div class=\"content\">\r\n            <h2 class=\"title\">\u201cMore than perfect...\u201d<\/h2>\r\n            <div class=\"desc\">\r\n                <p><p>\u201cEverything was more than perfect...\u201d Everything was excellent... Absolutely everyone was delighted with the place, the food, the service staff!<\/p>\n<p>You are great... We really have nothing to say because everything was at the highest level! Thank you very much for everything! Also, thank you for the beautiful gift! You are the best!!!!\u201d<\/p>\n<\/p>\r\n            <\/div>\r\n                            <div class=\"author\">\r\n                    <img decoding=\"async\" src=\"https:\/\/svetkupils.lv\/wp-content\/uploads\/2023\/11\/image-69-1.png\">\r\n                    <div class=\"info\">\r\n                        <p class=\"name\">Linda and Daniels<\/p>\r\n                        <p class=\"tituls\">The newlyweds<\/p>\r\n                    <\/div>\r\n                <\/div>\r\n                        <\/div>\r\n    <\/div>\r\n<\/div>\r\n<div class=\"atsauksme_wrap\">\r\n    <div class=\"atsauksme component \">\r\n        <div class=\"image\">\r\n            <img decoding=\"async\" src=\"https:\/\/svetkupils.lv\/wp-content\/uploads\/2023\/12\/svetku-pils-kazas-6.png\" alt=\"k\u0101zas\">\r\n        <\/div>\r\n        <div class=\"content\">\r\n            <h2 class=\"title\">\u201cFabulous wedding\u201d<\/h2>\r\n            <div class=\"desc\">\r\n                <p><p><span style=\"font-weight: 400;\">\u201cGood evening, Sv\u0113tku pils team.<\/span><\/p>\n<p><span style=\"font-weight: 400;\">Andris and I would like to say a big, big thank you for such a fabulous wedding.<\/span><\/p>\n<p><span style=\"font-weight: 400;\">To T\u012bna \u2013 for all the feedback and fast replies, even on Sunday evenings. For the energy, dedication, recommendations and level of knowledge in her specific work. She is indeed a specialist in her field. Thanks to her.<\/span><\/p>\n<p><span style=\"font-weight: 400;\">As for me, this place seems just as beautiful in all seasons, and it is so fabulous that weddings can even be celebrated in the off-season!\u00a0 A big thank you to its founders and to those who take care of the cleanliness and arrangement of the place on a daily basis.<\/span><\/p>\n<p><span style=\"font-weight: 400;\">It\u2019s the first time I\u2019ve met such dedicated, thoughtful, and smiling staff. Thank you to everyone who was with us this evening for your smiles, responsiveness, attentiveness and knowing how to be in the right place at the right time.<\/span><\/p>\n<p><span style=\"font-weight: 400;\">I really liked the fact that there was a corner for children so they didn\u2019t have to run and jump on their parents\u2019 feet, that children had their own menu, that people with health problems were thought of and that the menu gave the opportunity to adapt to a person\u2019s needs. Also, the menu on our wedding day was praised by the guests and our taste buds are satisfied.<\/span><\/p>\n<p><span style=\"font-weight: 400;\">\u00a0Thank you from the bottom of my heart for the work you did to make this day a success.\u201d<\/span><\/p>\n<\/p>\r\n            <\/div>\r\n                            <div class=\"author\">\r\n                    <img decoding=\"async\" src=\"https:\/\/svetkupils.lv\/wp-content\/uploads\/2023\/12\/svetku-pils-kazas-5.png\">\r\n                    <div class=\"info\">\r\n                        <p class=\"name\">Alv\u012bne and Andris<\/p>\r\n                        <p class=\"tituls\">The newlyweds<\/p>\r\n                    <\/div>\r\n                <\/div>\r\n                        <\/div>\r\n    <\/div>\r\n<\/div>\r\n<div class=\"atsauksme_wrap\">\r\n    <div class=\"atsauksme component swap-col\">\r\n        <div class=\"image\">\r\n            <img decoding=\"async\" src=\"https:\/\/svetkupils.lv\/wp-content\/uploads\/2023\/12\/svetku-pils-kazas-1.png\" alt=\"k\u0101zas\">\r\n        <\/div>\r\n        <div class=\"content\">\r\n            <h2 class=\"title\">\u201cAs we wanted and without too much stress\u201d<\/h2>\r\n            <div class=\"desc\">\r\n                <p><p>\u201cWe would like to thank you and your team for a great job and say a BIG THANK YOU \ud83e\udd29Both we and the guests were very happy with the food and all the cool work you had done. Very delicious food and superb drinks! The bartender and head waiter who were there on the next day as well \u2013 they both have hands of gold; they were very understanding and helpful. Your team was really great \u2764\ufe0f<\/p>\n<p>And the biggest thanks goes to you, for planning our wonderful day perfectly! \ud83e\udd70 Everything was as we wanted and without unnecessary stress, even if everything was delayed because of me.\ud83e\udd23<\/p>\n<p>But really, Thank you very much!\u201d<\/p>\n<\/p>\r\n            <\/div>\r\n                            <div class=\"author\">\r\n                    <img decoding=\"async\" src=\"https:\/\/svetkupils.lv\/wp-content\/uploads\/2023\/12\/svetku-pils-kazas-2.png\">\r\n                    <div class=\"info\">\r\n                        <p class=\"name\">Guna and Ren\u0101rs<\/p>\r\n                        <p class=\"tituls\">The newlyweds<\/p>\r\n                    <\/div>\r\n                <\/div>\r\n                        <\/div>\r\n    <\/div>\r\n<\/div>\r\n<div class=\"atsauksme_wrap\">\r\n    <div class=\"atsauksme component \">\r\n        <div class=\"image\">\r\n            <img decoding=\"async\" src=\"https:\/\/svetkupils.lv\/wp-content\/uploads\/2023\/12\/svetku-pils-kazas-3.png\" alt=\"k\u0101zas\">\r\n        <\/div>\r\n        <div class=\"content\">\r\n            <h2 class=\"title\">\u201cPlace to come back to!\u201d<\/h2>\r\n            <div class=\"desc\">\r\n                <p><p><span style=\"font-weight: 400;\">Thank you for your care, for your individual approach, for meeting us and for the solutions for all our wishes on our wedding day. Thank you to the waiters and bartender for their wonderful work, attitude, interest, and thank you to the cooks for the delicious food. Thanks to you and to the assistant Marta. We still hear the best reviews from our guests about the beautiful, clean rooms, a wonderful outdoor area, heavenly food and nice staff. Place to come back!<\/span><\/p>\n<p><span style=\"font-weight: 400;\">Good luck in doing your job, may everything work out!<\/span><\/p>\n<\/p>\r\n            <\/div>\r\n                            <div class=\"author\">\r\n                    <img decoding=\"async\" src=\"https:\/\/svetkupils.lv\/wp-content\/uploads\/2023\/12\/svetku-pils-kazas.png\">\r\n                    <div class=\"info\">\r\n                        <p class=\"name\">Kelija and K\u0101rlis<\/p>\r\n                        <p class=\"tituls\">The newlyweds<\/p>\r\n                    <\/div>\r\n                <\/div>\r\n                        <\/div>\r\n    <\/div>\r\n<\/div>\r\n<div class=\"cta_wrap \" style=\"\">\r\n    <div class=\"cta component\">\r\n        <div>\r\n             <p class=\"sub-heading\">APPLY<\/p>             <h3>Make your dream come true<\/h3>\r\n            <div class=\"desc\"><p>Book your event by calling us on +371 20102255, by writing to <a href=\"mailto: info@svetkupils.lv\">info@svetkupils.lv<\/a> or by clicking the button below!<\/p>\n<\/div>\r\n            \r\n<a class=\"button\" target=\"\" href=\"https:\/\/svetkupils.lv\/en\/get-a-price-quote\/\">Find out the price<\/a>        <\/div>\r\n    <\/div>\r\n<\/div><\/div>\n\t\t\t\t\t\t<\/div>\n\t\t\t\t<\/div>\n\t\t\t\t<\/div>\n\t\t\t\t<\/div>\n\t\t","protected":false},"excerpt":{"rendered":"","protected":false},"author":1,"featured_media":2830,"parent":0,"menu_order":0,"comment_status":"closed","ping_status":"closed","template":"elementor_header_footer","meta":{"footnotes":""},"aioseo_notices":[],"_links":{"self":[{"href":"https:\/\/svetkupils.lv\/en\/wp-json\/wp\/v2\/pages\/2981"}],"collection":[{"href":"https:\/\/svetkupils.lv\/en\/wp-json\/wp\/v2\/pages"}],"about":[{"href":"https:\/\/svetkupils.lv\/en\/wp-json\/wp\/v2\/types\/page"}],"author":[{"embeddable":true,"href":"https:\/\/svetkupils.lv\/en\/wp-json\/wp\/v2\/users\/1"}],"replies":[{"embeddable":true,"href":"https:\/\/svetkupils.lv\/en\/wp-json\/wp\/v2\/comments?post=2981"}],"version-history":[{"count":15,"href":"https:\/\/svetkupils.lv\/en\/wp-json\/wp\/v2\/pages\/2981\/revisions"}],"predecessor-version":[{"id":3489,"href":"https:\/\/svetkupils.lv\/en\/wp-json\/wp\/v2\/pages\/2981\/revisions\/3489"}],"wp:featuredmedia":[{"embeddable":true,"href":"https:\/\/svetkupils.lv\/en\/wp-json\/wp\/v2\/media\/2830"}],"wp:attachment":[{"href":"https:\/\/svetkupils.lv\/en\/wp-json\/wp\/v2\/media?parent=2981"}],"curies":[{"name":"wp","href":"https:\/\/api.w.org\/{rel}","templated":true}]}}