{"id":2978,"date":"2023-11-16T15:00:02","date_gmt":"2023-11-16T13:00:02","guid":{"rendered":"https:\/\/svetkupils.lv\/team\/"},"modified":"2024-12-13T18:43:28","modified_gmt":"2024-12-13T16:43:28","slug":"team","status":"publish","type":"page","link":"https:\/\/svetkupils.lv\/en\/team\/","title":{"rendered":"Team"},"content":{"rendered":"\t\t<div data-elementor-type=\"wp-page\" data-elementor-id=\"2978\" class=\"elementor elementor-2978 elementor-312\" data-elementor-post-type=\"page\">\n\t\t\t\t<div class=\"elementor-element elementor-element-faaa793 e-con-full e-flex e-con e-parent\" data-id=\"faaa793\" data-element_type=\"container\">\n\t\t\t\t<div class=\"elementor-element elementor-element-ff5a514 elementor-widget elementor-widget-shortcode\" data-id=\"ff5a514\" data-element_type=\"widget\" data-widget_type=\"shortcode.default\">\n\t\t\t\t<div class=\"elementor-widget-container\">\n\t\t\t\t\t\t\t<div class=\"elementor-shortcode\">\n<style>\n    .hero_wrap .overlay:before {\n        background-color: rgba(0, 0, 0, 0.50) !important;\n    }\n<\/style>\n\n<div class=\"hero_wrap mazs\">\n    <div class=\"overlay\">\n        <img decoding=\"async\" alt=\"Meet our team\" src=\"https:\/\/svetkupils.lv\/wp-content\/uploads\/2023\/12\/svetku-pils.jpg\">\n                <\/div>\n    <div class=\"hero component parasts\">\n        <div>\n                        <h1>Meet our team<\/h1>\n             <div class=\"desc\"><p><em>\"The strength of the team is each member individually. The strength of each member is the team.\"<\/em><br \/>\nOliver Wendell Holmes<\/p>\n<\/div>              <a class=\"first button\" target=\"\" href=\"#komanda\">Get to know the team<\/a>                     <\/div>\n    <\/div>\n<\/div>\n<div class=\"komanda_wrap\" id=\"komanda\">\n    <div class=\"komanda component\">\n\t\t                <div class=\"darbinieki-grid\">\n             <div>\n                    <img decoding=\"async\" src=\"https:\/\/svetkupils.lv\/wp-content\/uploads\/2024\/01\/liga-balode-scaled.jpg\" alt=\"L\u012bga Balode\" \/>\n                    <div>\n                        <p class=\"subheading\">Sv\u0113tku pils manager<\/p>\n                        <h3>L\u012bga Balode<\/h3>\n                        <div class=\"desc\">\n                            <p>I am Liga, the founder and creator of Sv\u0113tku pils (Celebration Palace). I remember how challenging it was to find a suitable venue for my wedding. I came across various matters that I wanted to change and improve. During the last 15 years, while watching how my friends and relatives choose their wedding venue, I realised that I wanted to create a special place, already designed in accordance with the needs of weddings at the beginning of the construction project. For a wedding, it is not only important what the place of the wedding looks like but also how far it is from the capital and from the airport, what the surrounding landscape is like, whether there is water, as well as how to spend the second day of the wedding and how it will all look in the photos.<\/p>\n<p>This is why I founded Sv\u0113tku pils \u2013 a place designed specifically for weddings, which combines everything to make your most beautiful day special for both of you and your guests.<\/p>\n                    \n                        <\/div>\n                    <\/div>\n                <\/div>  <div>\n                    <img decoding=\"async\" src=\"https:\/\/svetkupils.lv\/wp-content\/uploads\/2024\/01\/marta-sokolova.jpg\" alt=\"Marta Sokolova\" \/>\n                    <div>\n                        <p class=\"subheading\">Event organiser<\/p>\n                        <h3>Marta Sokolova<\/h3>\n                        <div class=\"desc\">\n                            <p>Marta is the great support of Sv\u0113tku pils events and our expert on all nuances and details during the event. Marta is our project manager, a person who will be with you from A to Z in both planning and implementation. Your vision of table plans, number of guests, timing of the event, serving of food and its requirements, as well as other nuances will be turned into reality with a smile and high professionalism. Marta\u2019s passion is decorating and flowers.<\/p>\n<p>\u201cThank you, Marta, for such a wonderful attitude, prompt answers, sincerity and a face that\u2019s always smiling. Thank you for listening to all our whims, regarding both the flower arrangement and the correct letter \u201cZ\u201d.<\/p>\n                    \n                        <\/div>\n                    <\/div>\n                <\/div>  <div>\n                    <img decoding=\"async\" src=\"https:\/\/svetkupils.lv\/wp-content\/uploads\/2024\/01\/tina-treilina.jpg\" alt=\"T\u012bna Treili\u0146a\" \/>\n                    <div>\n                        <p class=\"subheading\">Event organiser<\/p>\n                        <h3>T\u012bna Treili\u0146a<\/h3>\n                        <div class=\"desc\">\n                            <p>Responsible, professional, positive, diligent and flexible in the work environment are words that best describe T\u012bna\u2019s personality. She is our project manager, and the person who will listen to your vision for your special day, be it a wedding, birthday celebration, seminar, etc. T\u012bna will be more than happy to solve all questions \u2013 starting with table plans, the number of guests, special requirements for food, sleeping arrangement, event times and food serving. She is the one who will support you not only in planning but also in the important implementation of events.<\/p>\n<p>Words of thanks from our couple Alv\u012bne and Andris \u2013 \u201cAndris and I would like to say a big, big thank you for such a fabulous wedding. To T\u012bna \u2013 for all the feedback and fast replies, even on Sunday evenings. For the energy, dedication, recommendations and level of knowledge in her specific work. She is indeed a specialist in her field. Thanks to her.\u201d<\/p>\n                    \n                        <\/div>\n                    <\/div>\n                <\/div>  <div>\n                    <img decoding=\"async\" src=\"https:\/\/svetkupils.lv\/wp-content\/uploads\/2024\/09\/Svetku-pils-sefpavars.jpg\" alt=\"Ingus Zandbergs\" \/>\n                    <div>\n                        <p class=\"subheading\">Sv\u0113tku pils chef<\/p>\n                        <h3>Ingus Zandbergs<\/h3>\n                        <div class=\"desc\">\n                            <p>More than 25 years of experience in Latvia\u2019s best restaurants and banquets. Ingus has been working at Sv\u0113tku pils since the we decided to make our own kitchen. We are searching for combinations of flavours and dishes that can both satisfy our demanding customers in terms of quality and visual presentation and be clear to all wedding and celebration guests of each age group. Ingus\u2019 long years of experience, positive attitude and desire for challenges are factors that have contributed to the growth of Sv\u0113tku pils catering.<\/p>\n<p>There are good reasons why our guests often mention the excellently prepared food in their reviews \u2013 \u201cWe especially want to praise the chef \u2013 the guests noted that everything, absolutely everything, was very tasty.\u201d<\/p>\n                    \n                        <\/div>\n                    <\/div>\n                <\/div>  <div>\n                    <img decoding=\"async\" src=\"https:\/\/svetkupils.lv\/wp-content\/uploads\/2024\/01\/sarmite-neimane.jpg\" alt=\"Sarm\u012bte Neimane\" \/>\n                    <div>\n                        <p class=\"subheading\">Cook<\/p>\n                        <h3>Sarm\u012bte Neimane<\/h3>\n                        <div class=\"desc\">\n                            <p>In Sarm\u012bte\u2019s professional career, she has accumulated experience as a chef in the Valguma Pasaule restaurant, Konventa S\u0113ta and Radi und Draugi hotel. Femininity, tenderness, elegance and immersion in every nuance can be felt in every dish cooked by Sarm\u012bte. The canap\u00e9 prepared by Sarm\u012bte is the first taste that awaits our guests when they come to us.<\/p>\n<p>Unique sweet dishes according to Sarm\u012bte\u2019s recipe even appeal to those who don\u2019t have a sweet tooth. Her strong suit is cakes, sweet dishes and canap\u00e9s.<\/p>\n                    \n                        <\/div>\n                    <\/div>\n                <\/div>  <div>\n                    <img decoding=\"async\" src=\"https:\/\/svetkupils.lv\/wp-content\/uploads\/2024\/01\/arturs-zvirgzdins-scaled.jpg\" alt=\"Art\u016brs Zvirgzdi\u0146\u0161\" \/>\n                    <div>\n                        <p class=\"subheading\">Cook<\/p>\n                        <h3>Art\u016brs Zvirgzdi\u0146\u0161<\/h3>\n                        <div class=\"desc\">\n                            <p>With a wide range of experience over 10 years, Art\u016brs\u2019 passion is marinating, smoking, frying, grilling meat and fish, and he is definitely an expert in this. As Art\u016brs says, \u201cI am a guru in planning side dishes, so that every hot dish is both delicious and visually expressive. There\u2019s never a dull moment in the kitchen with me. I feel proud of my achievements and have a constant passion to create unforgettable culinary wonders.<\/p>\n<p>Get ready to enjoy a food journey through my vision of cuisine and taste!\u201d Art\u016brs\u2019 skill is also confirmed in guests\u2019 reviews \u2013 \u201cI also wanted to say thank you to the chef for delicious and tasteful dishes.\u201d<\/p>\n                    \n                        <\/div>\n                    <\/div>\n                <\/div>  <div>\n                    <img decoding=\"async\" src=\"https:\/\/svetkupils.lv\/wp-content\/uploads\/2024\/12\/Svetku-pils-viesmilis.jpg\" alt=\"Aleksandrs Anosovs\" \/>\n                    <div>\n                        <p class=\"subheading\">Head waiter<\/p>\n                        <h3>Aleksandrs Anosovs<\/h3>\n                        <div class=\"desc\">\n                            <p>The head waiter is the one who spends the event day with the guests and makes sure that everything goes according to plan, communicates with the event host, musicians, and organisers, and takes care of the guests, while keeping their finger on the pulse so that every dish is served on time, the champagne pyramid is perfect and the celebration cake is served at the right moment.<\/p>\n<p>Years of experience, customer service in Latvia and in Frace are the cornerstones of Aleksandrs\u2019 high level of professionalism.<\/p>\n                    \n                        <\/div>\n                    <\/div>\n                <\/div>         <\/div>\n    <\/div>\n<\/div>\r\n<div class=\"cta_wrap \" style=\"background: url('\/wp-content\/uploads\/2023\/11\/fons.png') center center \/ cover no-repeat\">\r\n    <div class=\"cta component\">\r\n        <div>\r\n             <p class=\"sub-heading\">APPLY<\/p>             <h3>Make your dream come true<\/h3>\r\n            <div class=\"desc\"><p>Book your event by calling us on +371 20102255, by writing to <a href=\"mailto: info@svetkupils.lv\">info@svetkupils.lv<\/a> or by clicking the button below!<\/p>\n<\/div>\r\n            \r\n<a class=\"button\" target=\"\" href=\"https:\/\/svetkupils.lv\/en\/get-a-price-quote\/\">Find out the price<\/a>        <\/div>\r\n    <\/div>\r\n<\/div><\/div>\n\t\t\t\t\t\t<\/div>\n\t\t\t\t<\/div>\n\t\t\t\t<\/div>\n\t\t\t\t<\/div>\n\t\t","protected":false},"excerpt":{"rendered":"","protected":false},"author":1,"featured_media":2790,"parent":0,"menu_order":0,"comment_status":"closed","ping_status":"closed","template":"elementor_header_footer","meta":{"footnotes":""},"aioseo_notices":[],"_links":{"self":[{"href":"https:\/\/svetkupils.lv\/en\/wp-json\/wp\/v2\/pages\/2978"}],"collection":[{"href":"https:\/\/svetkupils.lv\/en\/wp-json\/wp\/v2\/pages"}],"about":[{"href":"https:\/\/svetkupils.lv\/en\/wp-json\/wp\/v2\/types\/page"}],"author":[{"embeddable":true,"href":"https:\/\/svetkupils.lv\/en\/wp-json\/wp\/v2\/users\/1"}],"replies":[{"embeddable":true,"href":"https:\/\/svetkupils.lv\/en\/wp-json\/wp\/v2\/comments?post=2978"}],"version-history":[{"count":18,"href":"https:\/\/svetkupils.lv\/en\/wp-json\/wp\/v2\/pages\/2978\/revisions"}],"predecessor-version":[{"id":4199,"href":"https:\/\/svetkupils.lv\/en\/wp-json\/wp\/v2\/pages\/2978\/revisions\/4199"}],"wp:featuredmedia":[{"embeddable":true,"href":"https:\/\/svetkupils.lv\/en\/wp-json\/wp\/v2\/media\/2790"}],"wp:attachment":[{"href":"https:\/\/svetkupils.lv\/en\/wp-json\/wp\/v2\/media?parent=2978"}],"curies":[{"name":"wp","href":"https:\/\/api.w.org\/{rel}","templated":true}]}}